{"id":196,"date":"2021-12-01T11:23:24","date_gmt":"2021-12-01T11:23:24","guid":{"rendered":"https:\/\/stage.awcsrl.it\/condizioni\/"},"modified":"2021-12-16T08:53:32","modified_gmt":"2021-12-16T08:53:32","slug":"conditions","status":"publish","type":"page","link":"https:\/\/www.awcsrl.it\/en\/conditions\/","title":{"rendered":"Sales Terms &amp; Conditions"},"content":{"rendered":"\n<div class=\"wp-block-genesis-blocks-gb-columns gb-layout-team-1 sottohero gb-layout-columns-1 one-column gb-columns-center alignfull\" style=\"padding-top:15%;padding-right:5%;padding-bottom:8%;padding-left:5%\"><div class=\"gb-layout-column-wrap gb-block-layout-column-gap-2 gb-is-responsive-column\" style=\"max-width:1200px\">\n<div class=\"wp-block-genesis-blocks-gb-column gb-block-layout-column\"><div class=\"gb-block-layout-column-inner\">\n<div class=\"wp-block-genesis-blocks-gb-container ristretto gb-block-container\"><div class=\"gb-container-inside\"><div class=\"gb-container-content\" style=\"max-width:960px\">\n<h1 class=\"has-text-align-center wp-block-heading\">Sales Terms &amp; Conditions<\/h1>\n\n\n\n<div style=\"height:49px\" aria-hidden=\"true\" class=\"wp-block-spacer\"><\/div>\n\n\n\n<h3 class=\"has-text-align-left wp-block-heading\">Art. 1 &#8211; Ambito di applicazione<\/h3>\n\n\n\n<p class=\"has-text-align-left\">Le presenti condizioni generali di vendita (le \u201cCondizioni Generali\u201d) si applicano a tutti i contratti di vendita o fornitura (i \u201cContratti\u201d) conclusi da A.W.C. S.r.l. in qualit\u00e0 di venditore\/fornitore (il \u201cVenditore\u201d) con i suoi clienti in qualit\u00e0 di acquirenti\/compratori (i \u201cClienti\u201d) aventi ad oggetto i beni commercializzati dal Venditore quali, ma non limitatamente a, componenti elettronici, [\u2022] (i \u201cProdotti\u201d), acquistati dal Venditore da soggetti terzi.<br>1.2 Le definizioni possono essere utilizzate, a seconda dei casi, sia al singolare sia al plurale.<\/p>\n\n\n\n<h3 class=\"has-text-align-left wp-block-heading\">Art. 2 &#8211; Prevalenza<\/h3>\n\n\n\n<p>2.1 L\u2019accettazione da parte del Venditore degli ordini del Cliente si intender\u00e0 fatta alle presenti Condizioni, salvo diverso accordo scritto tra le parti; resta tuttavia inteso che in caso di difformit\u00e0 tra le presenti Condizioni ed eventuali clausole inserite nei Contratti, quest\u2019ultime prevarranno.<br>In ogni caso eventuali condizioni generali del Cliente, non troveranno applicazione, neppure parziale, se non nel caso in cui siano state espressamente approvate per iscritto dal Venditore.<\/p>\n\n\n\n<h3 class=\"has-text-align-left wp-block-heading\">Art. 3 \u2013 Modalit\u00e0 di conclusione dei singoli Contratti<\/h3>\n\n\n\n<p class=\"has-text-align-left\">Le presenti condizioni generali di vendita (le \u201cCondizioni Generali\u201d) si applicano a tutti i contratti di vendita o fornitura (i \u201c<\/p>\n\n\n\n<p>3.1 Salvo diverso accordo tra le parti, i Contratti tra il Venditore ed i Clienti possono essere conclusi unicamente tramite una delle seguenti due forme: <br>(A) mediante sottoscrizione da parte di entrambe le parti di apposito accordo scritto redatto su un documento\/modulo unitario. In tal caso, il Contratto si intende concluso nel momento dell\u2019apposizione dell\u2019ultima sottoscrizione;<br>(B) alternativamente, mediante scambio di scritti (anche via telefax) nell\u2019osservanza della seguente procedura: (i) il Cliente invia al Venditore una proposta d\u2019ordine specifica sottoscritta e timbrata, contenente l\u2019indicazione dei Prodotti, la quantit\u00e0 richiesta, il loro prezzo ed i termini di consegna avente valore legale di proposta (l\u2019 \u201cOrdine di Acquisto\u201d); (ii) il Venditore, in risposta, ove vi abbia interesse, \u00e8 in facolt\u00e0 di inviare al Cliente una conferma dell\u2019ordine ricevuto, sottoscritta e timbrata, avente valore legale di accettazione (l\u2019 \u201cAccettazione\u201d).<br>3.2 Pur non costituendo modalit\u00e0 alternativa di conclusione del Contratto rispetto alle due suesposte, \u00e8 rimessa all\u2019arbitrio delle Parti, qualora peculiari esigenze di speditezza lo dovessero suggerire, tanto la facolt\u00e0 per il Cliente di comunicare in via ufficiosa a mezzo mail al Venditore l\u2019Ordine di Acquisto quanto la conseguente facolt\u00e0 per il Venditore di comunicare in via ufficiosa a mezzo mail l\u2019Accettazione.<br>Resta inteso che nella presente di cui all\u2019articolo 3.2 il Cliente sar\u00e0 in ogni caso tenuto a procedere immediatamente, e<br>comunque entro e non oltre 48 ore dall\u2019effettuazione della comunicazione ufficiosa di cui sopra, alla trasmissione (anche a mezzo fax) al Venditore dell\u2019Ordine di Acquisto sottoscritta e timbrata. Nelle 48 ore successive al ricevimento di tale comunicazione il Venditore, dal suo canto, proceder\u00e0 alla trasmissione (anche a mezzo fax) dell\u2019Accettazione al Cliente sottoscritta e timbrata. In caso di inadempimento del Cliente, il Venditore non sar\u00e0 ovviamente tenuto a dare alcuna esecuzione di quanto comunicatogli in via ufficiosa ed avr\u00e0 contestuale diritto all\u2019integrale pagamento di quanto svolto sino a quel momento ed al risarcimento integrale dei danni cagionati dall\u2019inadempimento del Cliente.<br>3.3 Per tutte le ipotesi di cui sopra, la firma dovr\u00e0 essere apposta dal legale rappresentante del Cliente e del Venditore, in possesso dei necessari poteri. Questo principio non conosce deroga neppure nell\u2019ipotesi di cui all\u2019articolo 3.2.<\/p>\n\n\n\n<h3 class=\"has-text-align-left wp-block-heading\">Art. 4 &#8211; Definitivit\u00e0 dell\u2019ordine<\/h3>\n\n\n\n<p>4.1 Salvo diverso accordo fra le parti, il Contratto si intende perfezionato con il semplice invio (anche a mezzo fax) al Cliente da parte del Venditore dell\u2019Accettazione sottoscritta e timbrata.<\/p>\n\n\n\n<h3 class=\"has-text-align-left wp-block-heading\">Art. 5 \u2013 Pagamenti<\/h3>\n\n\n\n<p>5.1 I pagamenti sono validi solo se effettuati presso la sede legale del Venditore secondo le modalit\u00e0 indicate nell\u2019Accettazione. Il luogo del pagamento, anche se convenuto a mezzo tratte o pagher\u00f2, sar\u00e0 sempre la sede legale del Venditore. I pagamenti effettuati in forma diversa saranno a rischio e pericolo del Cliente.<br>5.2 In mancanza di diverso accordo il prezzo dovr\u00e0 essere pagato entro e non oltre la consegna di cui all\u2019articolo 7 che segue.<br>5.3 Nel caso in cui il Cliente ometta o ritardi in tutto o in parte qualsiasi pagamento dovuto, fatto salvo qualunque altro diritto o rimedio, il Venditore potr\u00e0 sospendere le consegne e l\u2019esecuzione del Contratto. Inoltre, in caso di ritardato pagamento, il Cliente sar\u00e0 tenuto a corrispondere gli interessi nella misura prevista dall\u2019articolo 5 del D. Lgs. 231\/2002 dal giorno successivo alla scadenza del pagamento al saldo, senza necessit\u00e0 di preventiva costituzione in mora.<\/p>\n\n\n\n<h3 class=\"has-text-align-left wp-block-heading\">Art. 6 \u2013 Spese e accessori<\/h3>\n\n\n\n<p>6.1 Tasse, imposte, oneri fiscali, costi di trasporto dei Prodotti sino al Cliente ed in genere ogni spesa presente e futura connessa ai Contratti \u00e8 e sar\u00e0 a carico del Cliente che dovr\u00e0 pagarne per contanti l\u2019importo.<\/p>\n\n\n\n<h3 class=\"has-text-align-left wp-block-heading\">Art. 7 \u2013 Consegna e imballaggi<\/h3>\n\n\n\n<p>7.1 I termini di consegna contenuti nell\u2019Accettazione si intendono indicativi ed espressi in giorni lavorativi. In ogni caso, sar\u00e0 cura del Venditore avvisare di eventuali ritardi nel momento in cui ne viene a conoscenza.<br>7.2 Salvi i casi di dolo e colpa grave, o responsabilit\u00e0 comminate da norme inderogabili di legge, il Venditore non incorrer\u00e0 in alcuna responsabilit\u00e0 per il caso di messa a disposizione o di spedizione dei Prodotti oltre il termine convenuto e nessun diritto al risarcimento dei danni, diretti o indiretti, e\/o alla risoluzione del Contratto sar\u00e0 riconosciuto al Cliente che fin d\u2019ora vi rinuncia, per ritardi nelle consegne.<br>7.3 Il Venditore ha il diritto di effettuare la consegna dei Prodotti in pi\u00f9 consegne successive fermo restando, in tal caso, un solo addebito al Cliente a titolo di spese di trasporto se la mancata consegna non \u00e8 imputabile al Cliente.<br>7.4 Condizioni e termini particolari di consegna dovranno essere preventivamente concordate tra il Cliente e il Venditore ed accettate per iscritto da questo.<br>7.5 In mancanza di precisi accordi per imballaggi particolari, il cui costo dovr\u00e0 essere sopportato dal Cliente, il Venditore provveder\u00e0 come da prassi all\u2019esecuzione degli stessi.<\/p>\n\n\n\n<h3 class=\"has-text-align-left wp-block-heading\">Art. 8 \u2013 Garanzia<\/h3>\n\n\n\n<p>8.1 Il Venditore garantisce i Prodotti nei limiti dei primi 12 (dodici) mesi decorrenti dal momento della conclusione del Contratto secondo quanto di seguito specificato.<br>8.2 Qualora vi siano dei Prodotti difettosi o viziati, il Cliente sar\u00e0 tenuto ad effettuare conforme denuncia scritta al Venditore entro 8 (otto) giorni decorrenti dal momento della consegna dei Prodotti ovvero, in caso di vizi\/difetti occulti all\u2019uomo di media diligenza, decorrenti dal momento della scoperta. La garanzia \u00e8 limitata esclusivamente alla sostituzione del componente con altro idoneo del medesimo tipo e prezzo ovvero, a scelta del Cliente, all\u2019accredito del valore del singolo Prodotto difettoso. Il Venditore in ogni caso non presta alcuna garanzia circa la compatibilit\u00e0 dei Prodotti con altri Prodotti od apparecchiature od altri prodotti utilizzati dal Cliente n\u00e9 presta alcuna garanzia riguardo l\u2019idoneit\u00e0 dei Prodotti per l\u2019uso specifico pensato dal Cliente.<br>8.3 Le spese di spedizione necessarie per la sostituzione del Prodotto difettoso, qualora tale rimedio sia stato effettivamente scelto dal Cliente, saranno a carico del Venditore.<br>8.4 In ogni caso il rimborso in favore del Cliente non potr\u00e0 comunque eccedere il valore di fattura del Prodotto compravenduto dovendosi escludere che al Venditore possano essere addebitate spese di sostituzione, di mancata produzione e\/o ulteriori costi, spese e\/o danni derivanti dalla fornitura dei Prodotti difettosi, danni alla cui richiesta il Cliente dichiara espressamente di rinunciare, fatti salvi i casi di responsabilit\u00e0 del Venditore derivanti da dolo o colpa grave o dal mancato rispetto di norme inderogabili di legge.<br>8.5 Il Cliente che non sia in regola con i pagamenti perde il diritto ad ogni garanzia.<br>E\u2019 esclusa qualsiasi garanzia ulteriore rispetto a quelle sopra indicate cos\u00ec come ogni garanzia di buon funzionamento o a favore di soggetti terzi rispetto al Cliente.<\/p>\n\n\n\n<h3 class=\"has-text-align-left wp-block-heading\">Art. 9 \u2013 Obbligazioni<\/h3>\n\n\n\n<p>9.1 Tutte le obbligazioni assunte dal Cliente sono estese e riferite anche ai suoi eredi, successori ed eventuali aventi causa.<br>9.2 La vendita, la cessione, l\u2019alienazione, il cambio di titolarit\u00e0, a qualsiasi titolo, anche gratuito, la locazione, il comodato, l\u2019affitto di tutta o parte dell\u2019azienda del Cliente, determineranno la scadenza di tutto il debito del Cliente per capitale ed accessori.<br>9.3 Tale scadenza avverr\u00e0 anche in caso di variazione sostanziale della partecipazione al capitale sociale del Cliente ove questi sia organizzato in forma di societ\u00e0<\/p>\n\n\n\n<h3 class=\"has-text-align-left wp-block-heading\">Art. 10 \u2013 Solve et repete<\/h3>\n\n\n\n<p>10.1 Eventuali reclami o contestazioni non danno diritto al Cliente di sospendere o ritardare i pagamenti.<br>10.2 Nessuna contestazione o reclamo, n\u00e9 in via di azione n\u00e9 in via di eccezione, potr\u00e0 essere sollevata o proseguita dal Cliente se prima non saranno stati effettuati i pagamenti dovuti.<br>10.3 E\u2019 inoltre esclusa la facolt\u00e0 del Cliente di operare alcuna compensazione tra propri eventuali crediti ed i debiti dello stesso verso il Venditore.<\/p>\n\n\n\n<h3 class=\"has-text-align-left wp-block-heading\">Art. 11 &#8211; Legge applicabile e foro competente<\/h3>\n\n\n\n<p>11.1 I Contratti soggetti alle presenti Condizioni Generali sono regolati dalla legge italiana.<br>11.2 Tutte le controversie nascenti o discendenti dal Contratto, anche relative all\u2019interpretazione, stipula, esecuzione o cessazione dello stesso per qualunque causa, \u00e8 sottoposta alla competenza esclusiva del Foro di Bologna.<\/p>\n\n\n\n<h3 class=\"has-text-align-left wp-block-heading\">Art. 12 &#8211; Forza maggiore<\/h3>\n\n\n\n<p>12.1 Le obbligazioni delle parti verranno considerate sospese in caso di sopravvenienza di eventi di forza maggiore. A tal fine vengono considerati eventi di forza maggiore quegli eventi non prevedibili ed al di fuori della volont\u00e0 delle parti che impediscono l\u2019adempimento delle obbligazioni di una od entrambe le parti, quali ad esempio, ma non esclusivamente: terremoto, fulmine, alluvione, sciopero nazionale di categoria, serrata, ingiunzione governativa, guerra, sommossa, embargo ecc..<br>12.2 La parte che intender\u00e0 avvalersi della sospensione dovr\u00e0 far conoscere la propria intenzione all\u2019altra, per iscritto entro 15 gg. dall\u2019inizio dell\u2019evento e successivamente comunicarne la cessazione entro 15 gg.<br>12.3 Qualora l\u2019evento di forza maggiore dovesse protrarsi per un periodo di tempo eccedente i sei mesi, tanto il Venditore quanto il Cliente avranno diritto di recedere dal Contratto senza che null\u2019altro sia dovuto e fatto salvo l\u2019obbligo del Venditore di restituire quanto gi\u00e0 eventualmente pagatogli.<\/p>\n\n\n\n<h3 class=\"has-text-align-left wp-block-heading\"> Art. 13 &#8211; Informativa sul trattamento dei dati personali<\/h3>\n\n\n\n<p>13.1. Ai sensi dell&#8217;art. 13 del D.Lgs. 196\/2003 (Codice per la protezione dei Dati Personali e successive modifiche \u2013 di seguito definito &#8220;Codice&#8221;), il Venditore, in qualit\u00e0 di titolare, informa il Cliente che effettuer\u00e0 il trattamento dei dati personali forniti in esecuzione delle presenti condizioni generali di vendita, garantendo il pieno rispetto di tutte le prescrizioni del Codice e, a tal fine, dichiara quanto segue: (a) il trattamento dei dati avverr\u00e0, nel rispetto della normativa richiamata, con il supporto di mezzi cartacei, informatici o telematici atti a memorizzare, gestire trasmettere i dati stessi, comunque mediante strumenti idonei a garantire la loro sicurezza e riservatezza e per gli scopi di seguito indicati: finalit\u00e0 connesse e strumentali alla conclusione, gestione ed esecuzione delle condizioni generali di vendita nonch\u00e9 per ogni finalit\u00e0 amministrativa e contabile ad esso connesse (ad esempio, gestione di ordini e fatture, stipula di eventuali contratti ivi inclusi i contratti per l\u2019assicurazione o la cessione del credito del Venditore nei confronti del Cliente, contratti di trasporto e spedizioni, etc.) e finalit\u00e0 connesse all\u2019esecuzione di obblighi di legge, regolamenti, normative nazionali e comunitarie nonch\u00e9 derivanti da disposizioni impartite da autorit\u00e0 a ci\u00f2 legittimate dalla legge; (b) il conferimento dei dati \u00e8 obbligatorio per tutto ci\u00f2 che sia richiesto da obblighi legali e contrattuali e, quindi, l\u2019eventuale rifiuto da parte del Cliente a comunicare i dati o a permetterne il successivo trattamento potr\u00e0 comportare per il Venditore l\u2019impossibilit\u00e0 di dar corso ai rapporti contrattuali; (c) i dati non saranno diffusi presso il pubblico e potranno essere comunicati, esclusivamente per le finalit\u00e0 di cui sopra, alle categorie di soggetti, debitamente autorizzate, per i quali si render\u00e0 necessario effettuare detta comunicazione per raggiungere le finalit\u00e0 indicate al punto (a) che precede; (d) al Cliente, in qualit\u00e0 di interessato, spettano tutti i diritti a tutela dell\u2019interessato previsti dall\u2019art. 7 del Codice tra i quali conoscere i dati trattati, ottenerne la rettifica e\/o la cancellazione e opporsi al loro utilizzo. Per l\u2019esercizio dei diritti si prega di contattare il Responsabile del trattamento Sig. [\u2022], presso la sede legale del Venditore.<\/p>\n\n\n\n<h3 class=\"has-text-align-left wp-block-heading\">Art. 14 &#8211; Clausole finali<\/h3>\n\n\n\n<p>14.1 Le presenti Condizioni Generali superano ed annullano tutti gli eventuali altri obblighi e garanzie che possano essere state convenute dalle parti oralmente e per iscritto in epoca precedente alla presente data, e che quindi sono da considerarsi nulle ed inefficaci.<br>14.2 Il Contratto, le presenti Condizioni Generali e le clausole contenute nel Contratto e negli eventuali allegati rappresentano un accordo completo tra le parti e superano ogni precedente pattuizione intercorsa in merito tra le parti.<br>14.3 Se una o pi\u00f9 disposizioni delle presenti Condizioni Generali o dei Contratti conclusi in base alle medesime risultassero invalide, le Condizioni e\/o i suddetti Contratti resteranno comunque validi nel loro complesso e le parti sostituiranno in buona fede qualsiasi disposizione invalida o inefficace con pattuizioni aventi un contenuto il pi\u00f9 possibile analogo od equivalente.<br>14.4 La rinuncia di una parte all\u2019esercizio dei propri diritti nell\u2019eventualit\u00e0 di un inadempimento dell\u2019altra parte ai termini delle presenti Condizioni Generali non costituir\u00e0 rinuncia per alcun successivo inadempimento. Il fatto che una parte non faccia valere un termine, una condizione od una facolt\u00e0 prevista dalle presenti clausole non costituisce rinuncia a nessuna di queste e non limiter\u00e0 il diritto a farle valere successivamente.<\/p>\n<\/div><\/div><\/div>\n<\/div><\/div>\n<\/div><\/div>\n","protected":false},"excerpt":{"rendered":"","protected":false},"author":1,"featured_media":0,"parent":0,"menu_order":0,"comment_status":"closed","ping_status":"closed","template":"","meta":{"_genesis_hide_title":false,"_genesis_hide_breadcrumbs":false,"_genesis_hide_singular_image":false,"_genesis_hide_footer_widgets":false,"_genesis_custom_body_class":"","_genesis_custom_post_class":"","_genesis_layout":"","footnotes":""},"class_list":{"0":"post-196","1":"page","2":"type-page","3":"status-publish","5":"entry"},"yoast_head":"<!-- This site is optimized with the Yoast SEO plugin v27.5 - https:\/\/yoast.com\/product\/yoast-seo-wordpress\/ -->\n<title>AWC - Supply of electronic parts on the industrial market<\/title>\n<meta name=\"robots\" content=\"index, follow, max-snippet:-1, max-image-preview:large, max-video-preview:-1\" \/>\n<link rel=\"canonical\" href=\"https:\/\/www.awcsrl.it\/en\/conditions\/\" \/>\n<meta property=\"og:locale\" content=\"en_US\" \/>\n<meta property=\"og:type\" content=\"article\" \/>\n<meta property=\"og:title\" content=\"AWC - Supply of electronic parts on the industrial market\" \/>\n<meta property=\"og:url\" content=\"https:\/\/www.awcsrl.it\/en\/conditions\/\" \/>\n<meta property=\"og:site_name\" content=\"AWC\" \/>\n<meta property=\"article:modified_time\" content=\"2021-12-16T08:53:32+00:00\" \/>\n<meta name=\"twitter:card\" content=\"summary_large_image\" \/>\n<meta name=\"twitter:label1\" content=\"Est. reading time\" \/>\n\t<meta name=\"twitter:data1\" content=\"10 minutes\" \/>\n<script type=\"application\/ld+json\" class=\"yoast-schema-graph\">{\"@context\":\"https:\\\/\\\/schema.org\",\"@graph\":[{\"@type\":\"WebPage\",\"@id\":\"https:\\\/\\\/www.awcsrl.it\\\/en\\\/conditions\\\/\",\"url\":\"https:\\\/\\\/www.awcsrl.it\\\/en\\\/conditions\\\/\",\"name\":\"AWC - Supply of electronic parts on the industrial market\",\"isPartOf\":{\"@id\":\"https:\\\/\\\/www.awcsrl.it\\\/#website\"},\"datePublished\":\"2021-12-01T11:23:24+00:00\",\"dateModified\":\"2021-12-16T08:53:32+00:00\",\"breadcrumb\":{\"@id\":\"https:\\\/\\\/www.awcsrl.it\\\/en\\\/conditions\\\/#breadcrumb\"},\"inLanguage\":\"en-US\",\"potentialAction\":[{\"@type\":\"ReadAction\",\"target\":[\"https:\\\/\\\/www.awcsrl.it\\\/en\\\/conditions\\\/\"]}]},{\"@type\":\"BreadcrumbList\",\"@id\":\"https:\\\/\\\/www.awcsrl.it\\\/en\\\/conditions\\\/#breadcrumb\",\"itemListElement\":[{\"@type\":\"ListItem\",\"position\":1,\"name\":\"Home\",\"item\":\"https:\\\/\\\/www.awcsrl.it\\\/en\\\/home\\\/\"},{\"@type\":\"ListItem\",\"position\":2,\"name\":\"Sales Terms &amp; Conditions\"}]},{\"@type\":\"WebSite\",\"@id\":\"https:\\\/\\\/www.awcsrl.it\\\/#website\",\"url\":\"https:\\\/\\\/www.awcsrl.it\\\/\",\"name\":\"AWC\",\"description\":\"Fornitura componenti elettronici per uso industriale\",\"publisher\":{\"@id\":\"https:\\\/\\\/www.awcsrl.it\\\/#organization\"},\"potentialAction\":[{\"@type\":\"SearchAction\",\"target\":{\"@type\":\"EntryPoint\",\"urlTemplate\":\"https:\\\/\\\/www.awcsrl.it\\\/?s={search_term_string}\"},\"query-input\":{\"@type\":\"PropertyValueSpecification\",\"valueRequired\":true,\"valueName\":\"search_term_string\"}}],\"inLanguage\":\"en-US\"},{\"@type\":\"Organization\",\"@id\":\"https:\\\/\\\/www.awcsrl.it\\\/#organization\",\"name\":\"AWC\",\"url\":\"https:\\\/\\\/www.awcsrl.it\\\/\",\"logo\":{\"@type\":\"ImageObject\",\"inLanguage\":\"en-US\",\"@id\":\"https:\\\/\\\/www.awcsrl.it\\\/#\\\/schema\\\/logo\\\/image\\\/\",\"url\":\"https:\\\/\\\/www.awcsrl.it\\\/wp-content\\\/uploads\\\/logo.png\",\"contentUrl\":\"https:\\\/\\\/www.awcsrl.it\\\/wp-content\\\/uploads\\\/logo.png\",\"width\":840,\"height\":300,\"caption\":\"AWC\"},\"image\":{\"@id\":\"https:\\\/\\\/www.awcsrl.it\\\/#\\\/schema\\\/logo\\\/image\\\/\"}}]}<\/script>\n<!-- \/ Yoast SEO plugin. -->","yoast_head_json":{"title":"AWC - Supply of electronic parts on the industrial market","robots":{"index":"index","follow":"follow","max-snippet":"max-snippet:-1","max-image-preview":"max-image-preview:large","max-video-preview":"max-video-preview:-1"},"canonical":"https:\/\/www.awcsrl.it\/en\/conditions\/","og_locale":"en_US","og_type":"article","og_title":"AWC - Supply of electronic parts on the industrial market","og_url":"https:\/\/www.awcsrl.it\/en\/conditions\/","og_site_name":"AWC","article_modified_time":"2021-12-16T08:53:32+00:00","twitter_card":"summary_large_image","twitter_misc":{"Est. reading time":"10 minutes"},"schema":{"@context":"https:\/\/schema.org","@graph":[{"@type":"WebPage","@id":"https:\/\/www.awcsrl.it\/en\/conditions\/","url":"https:\/\/www.awcsrl.it\/en\/conditions\/","name":"AWC - Supply of electronic parts on the industrial market","isPartOf":{"@id":"https:\/\/www.awcsrl.it\/#website"},"datePublished":"2021-12-01T11:23:24+00:00","dateModified":"2021-12-16T08:53:32+00:00","breadcrumb":{"@id":"https:\/\/www.awcsrl.it\/en\/conditions\/#breadcrumb"},"inLanguage":"en-US","potentialAction":[{"@type":"ReadAction","target":["https:\/\/www.awcsrl.it\/en\/conditions\/"]}]},{"@type":"BreadcrumbList","@id":"https:\/\/www.awcsrl.it\/en\/conditions\/#breadcrumb","itemListElement":[{"@type":"ListItem","position":1,"name":"Home","item":"https:\/\/www.awcsrl.it\/en\/home\/"},{"@type":"ListItem","position":2,"name":"Sales Terms &amp; Conditions"}]},{"@type":"WebSite","@id":"https:\/\/www.awcsrl.it\/#website","url":"https:\/\/www.awcsrl.it\/","name":"AWC","description":"Fornitura componenti elettronici per uso industriale","publisher":{"@id":"https:\/\/www.awcsrl.it\/#organization"},"potentialAction":[{"@type":"SearchAction","target":{"@type":"EntryPoint","urlTemplate":"https:\/\/www.awcsrl.it\/?s={search_term_string}"},"query-input":{"@type":"PropertyValueSpecification","valueRequired":true,"valueName":"search_term_string"}}],"inLanguage":"en-US"},{"@type":"Organization","@id":"https:\/\/www.awcsrl.it\/#organization","name":"AWC","url":"https:\/\/www.awcsrl.it\/","logo":{"@type":"ImageObject","inLanguage":"en-US","@id":"https:\/\/www.awcsrl.it\/#\/schema\/logo\/image\/","url":"https:\/\/www.awcsrl.it\/wp-content\/uploads\/logo.png","contentUrl":"https:\/\/www.awcsrl.it\/wp-content\/uploads\/logo.png","width":840,"height":300,"caption":"AWC"},"image":{"@id":"https:\/\/www.awcsrl.it\/#\/schema\/logo\/image\/"}}]}},"featured_image_src":null,"featured_image_src_square":null,"_links":{"self":[{"href":"https:\/\/www.awcsrl.it\/en\/wp-json\/wp\/v2\/pages\/196","targetHints":{"allow":["GET"]}}],"collection":[{"href":"https:\/\/www.awcsrl.it\/en\/wp-json\/wp\/v2\/pages"}],"about":[{"href":"https:\/\/www.awcsrl.it\/en\/wp-json\/wp\/v2\/types\/page"}],"author":[{"embeddable":true,"href":"https:\/\/www.awcsrl.it\/en\/wp-json\/wp\/v2\/users\/1"}],"replies":[{"embeddable":true,"href":"https:\/\/www.awcsrl.it\/en\/wp-json\/wp\/v2\/comments?post=196"}],"version-history":[{"count":1,"href":"https:\/\/www.awcsrl.it\/en\/wp-json\/wp\/v2\/pages\/196\/revisions"}],"predecessor-version":[{"id":199,"href":"https:\/\/www.awcsrl.it\/en\/wp-json\/wp\/v2\/pages\/196\/revisions\/199"}],"wp:attachment":[{"href":"https:\/\/www.awcsrl.it\/en\/wp-json\/wp\/v2\/media?parent=196"}],"curies":[{"name":"wp","href":"https:\/\/api.w.org\/{rel}","templated":true}]}}